{"id":1432,"date":"2024-05-30T11:40:10","date_gmt":"2024-05-30T09:40:10","guid":{"rendered":"http:\/\/www.srdcemproradost.cz\/obchod\/?page_id=1432"},"modified":"2024-05-30T12:13:19","modified_gmt":"2024-05-30T10:13:19","slug":"na-prani","status":"publish","type":"page","link":"http:\/\/www.srdcemproradost.cz\/obchod\/na-prani\/","title":{"rendered":"na p\u0159\u00e1n\u00ed"},"content":{"rendered":"<p>Ob\u010das se stane, \u017ee se V\u00e1m obr\u00e1zek l\u00edb\u00ed, ale nen\u00ed bohu\u017eel slad\u011bn\u00fd s&nbsp;va\u0161\u00edm domem \u010di pracovnou. Nebo byste r\u00e1di obr\u00e1zek n\u011bkomu darovali, ale nena\u0161li jste takov\u00fd, kter\u00fd by mu barevn\u011b pasoval. Nebo v\u00edte, \u017ee kamar\u00e1dky obl\u00edben\u00e1 barva je zelen\u00e1 a j\u00e1 zrovna v&nbsp;nab\u00eddce nem\u00e1m \u017e\u00e1dn\u00fd zelen\u00fd sv\u00edcen.<\/p><p>Proto nab\u00edz\u00edm mo\u017enost malov\u00e1n\u00ed obr\u00e1zk\u016f nebo sv\u00edcn\u016f na p\u0159\u00e1n\u00ed. Sta\u010d\u00ed si vybrat barvu, do kter\u00e9 byste obr\u00e1zek nebo sv\u00edcen cht\u011bli, p\u0159\u00edpadn\u011b tvar obr\u00e1zku (pl\u00e1tno je \u010dtverec, p\u0159ekli\u017eka je kulat\u00e1) a j\u00e1 se pokus\u00edm v&nbsp;nejbli\u017e\u0161\u00ed dob\u011b n\u011bco namalovat. Samoz\u0159ejm\u011b je lep\u0161\u00ed kontaktovat m\u011b v&nbsp;\u010dasov\u00e9m p\u0159edstihu, proto\u017ee obr\u00e1zky se \u00fapln\u011b na povel malovat nedaj\u00ed. Ty mus\u00ed ke mn\u011b tak trochu p\u0159ij\u00edt. Se sv\u00edcnem je to jednodu\u0161\u0161\u00ed, tam jsem v\u00edc flexibiln\u00ed J.<\/p><p>A tady se m\u016f\u017eete pod\u00edvat na moje d\u00edla malovan\u00e1 na p\u0159\u00e1n\u00ed J.<\/p><p><\/p>ngg_shortcode_0_placeholder","protected":false},"excerpt":{"rendered":"<p>Ob\u010das se stane, \u017ee se V\u00e1m obr\u00e1zek l\u00edb\u00ed, ale nen\u00ed bohu\u017eel slad\u011bn\u00fd s&nbsp;va\u0161\u00edm domem \u010di pracovnou. Nebo byste r\u00e1di obr\u00e1zek n\u011bkomu darovali, ale nena\u0161li jste takov\u00fd, kter\u00fd by mu barevn\u011b pasoval. Nebo v\u00edte, \u017ee kamar\u00e1dky obl\u00edben\u00e1 barva je zelen\u00e1 a j\u00e1 zrovna v&nbsp;nab\u00eddce nem\u00e1m \u017e\u00e1dn\u00fd zelen\u00fd sv\u00edcen. Proto nab\u00edz\u00edm mo\u017enost malov\u00e1n\u00ed obr\u00e1zk\u016f nebo sv\u00edcn\u016f na [&hellip;]<\/p>\n","protected":false},"author":1,"featured_media":0,"parent":0,"menu_order":0,"comment_status":"closed","ping_status":"closed","template":"","meta":{"ngg_post_thumbnail":0,"footnotes":""},"class_list":["post-1432","page","type-page","status-publish","hentry"],"_links":{"self":[{"href":"http:\/\/www.srdcemproradost.cz\/obchod\/wp-json\/wp\/v2\/pages\/1432","targetHints":{"allow":["GET"]}}],"collection":[{"href":"http:\/\/www.srdcemproradost.cz\/obchod\/wp-json\/wp\/v2\/pages"}],"about":[{"href":"http:\/\/www.srdcemproradost.cz\/obchod\/wp-json\/wp\/v2\/types\/page"}],"author":[{"embeddable":true,"href":"http:\/\/www.srdcemproradost.cz\/obchod\/wp-json\/wp\/v2\/users\/1"}],"replies":[{"embeddable":true,"href":"http:\/\/www.srdcemproradost.cz\/obchod\/wp-json\/wp\/v2\/comments?post=1432"}],"version-history":[{"count":2,"href":"http:\/\/www.srdcemproradost.cz\/obchod\/wp-json\/wp\/v2\/pages\/1432\/revisions"}],"predecessor-version":[{"id":1456,"href":"http:\/\/www.srdcemproradost.cz\/obchod\/wp-json\/wp\/v2\/pages\/1432\/revisions\/1456"}],"wp:attachment":[{"href":"http:\/\/www.srdcemproradost.cz\/obchod\/wp-json\/wp\/v2\/media?parent=1432"}],"curies":[{"name":"wp","href":"https:\/\/api.w.org\/{rel}","templated":true}]}}