{"id":1036,"date":"2024-02-26T14:43:53","date_gmt":"2024-02-26T13:43:53","guid":{"rendered":"http:\/\/www.srdcemproradost.cz\/obchod\/?post_type=product&#038;p=1036"},"modified":"2024-02-26T14:44:11","modified_gmt":"2024-02-26T13:44:11","slug":"svicen-15cm","status":"publish","type":"product","link":"http:\/\/www.srdcemproradost.cz\/obchod\/produkt\/svicen-15cm\/","title":{"rendered":"Sv\u00edcen 15cm"},"content":{"rendered":"<p>S\u00e1drov\u00fd sv\u00edcen &#8211; pr\u016fm\u011br 15cm<\/p>\n","protected":false},"excerpt":{"rendered":"<p>S\u00e1drov\u00fd sv\u00edcen &#8211; pr\u016fm\u011br 15cm<\/p>\n","protected":false},"featured_media":1042,"template":"","meta":{"ngg_post_thumbnail":0},"product_cat":[39],"product_tag":[],"class_list":{"0":"post-1036","1":"product","2":"type-product","3":"status-publish","4":"has-post-thumbnail","6":"product_cat-polotovary-pro-tvorbu","8":"first","9":"instock","10":"shipping-taxable","11":"purchasable","12":"product-type-simple"},"_links":{"self":[{"href":"http:\/\/www.srdcemproradost.cz\/obchod\/wp-json\/wp\/v2\/product\/1036","targetHints":{"allow":["GET"]}}],"collection":[{"href":"http:\/\/www.srdcemproradost.cz\/obchod\/wp-json\/wp\/v2\/product"}],"about":[{"href":"http:\/\/www.srdcemproradost.cz\/obchod\/wp-json\/wp\/v2\/types\/product"}],"wp:featuredmedia":[{"embeddable":true,"href":"http:\/\/www.srdcemproradost.cz\/obchod\/wp-json\/wp\/v2\/media\/1042"}],"wp:attachment":[{"href":"http:\/\/www.srdcemproradost.cz\/obchod\/wp-json\/wp\/v2\/media?parent=1036"}],"wp:term":[{"taxonomy":"product_cat","embeddable":true,"href":"http:\/\/www.srdcemproradost.cz\/obchod\/wp-json\/wp\/v2\/product_cat?post=1036"},{"taxonomy":"product_tag","embeddable":true,"href":"http:\/\/www.srdcemproradost.cz\/obchod\/wp-json\/wp\/v2\/product_tag?post=1036"}],"curies":[{"name":"wp","href":"https:\/\/api.w.org\/{rel}","templated":true}]}}