{"id":1045,"date":"2024-02-26T14:48:29","date_gmt":"2024-02-26T13:48:29","guid":{"rendered":"http:\/\/www.srdcemproradost.cz\/obchod\/?post_type=product&#038;p=1045"},"modified":"2024-02-26T14:50:17","modified_gmt":"2024-02-26T13:50:17","slug":"svicen-jin-jang-14cm","status":"publish","type":"product","link":"http:\/\/www.srdcemproradost.cz\/obchod\/produkt\/svicen-jin-jang-14cm\/","title":{"rendered":"Sv\u00edcen  JIN-JANG 14cm"},"content":{"rendered":"<p>S\u00e1drov\u00fd sv\u00edcen JIN-JANG &#8211; pr\u016fm\u011br 14cm<\/p>\n<p>cena je za 2ks (1 p\u00e1r)<\/p>\n","protected":false},"excerpt":{"rendered":"<p>S\u00e1drov\u00fd sv\u00edcen JIN-JANG &#8211; pr\u016fm\u011br 14cm cena je za 2ks (1 p\u00e1r)<\/p>\n","protected":false},"featured_media":1041,"template":"","meta":{"ngg_post_thumbnail":0},"product_cat":[39],"product_tag":[],"class_list":{"0":"post-1045","1":"product","2":"type-product","3":"status-publish","4":"has-post-thumbnail","6":"product_cat-polotovary-pro-tvorbu","8":"first","9":"instock","10":"shipping-taxable","11":"purchasable","12":"product-type-simple"},"_links":{"self":[{"href":"http:\/\/www.srdcemproradost.cz\/obchod\/wp-json\/wp\/v2\/product\/1045","targetHints":{"allow":["GET"]}}],"collection":[{"href":"http:\/\/www.srdcemproradost.cz\/obchod\/wp-json\/wp\/v2\/product"}],"about":[{"href":"http:\/\/www.srdcemproradost.cz\/obchod\/wp-json\/wp\/v2\/types\/product"}],"wp:featuredmedia":[{"embeddable":true,"href":"http:\/\/www.srdcemproradost.cz\/obchod\/wp-json\/wp\/v2\/media\/1041"}],"wp:attachment":[{"href":"http:\/\/www.srdcemproradost.cz\/obchod\/wp-json\/wp\/v2\/media?parent=1045"}],"wp:term":[{"taxonomy":"product_cat","embeddable":true,"href":"http:\/\/www.srdcemproradost.cz\/obchod\/wp-json\/wp\/v2\/product_cat?post=1045"},{"taxonomy":"product_tag","embeddable":true,"href":"http:\/\/www.srdcemproradost.cz\/obchod\/wp-json\/wp\/v2\/product_tag?post=1045"}],"curies":[{"name":"wp","href":"https:\/\/api.w.org\/{rel}","templated":true}]}}