{"id":1046,"date":"2024-02-26T14:50:43","date_gmt":"2024-02-26T13:50:43","guid":{"rendered":"http:\/\/www.srdcemproradost.cz\/obchod\/?post_type=product&#038;p=1046"},"modified":"2024-03-20T08:02:14","modified_gmt":"2024-03-20T07:02:14","slug":"preklizka-olse-briza-20cm","status":"publish","type":"product","link":"http:\/\/www.srdcemproradost.cz\/obchod\/produkt\/preklizka-olse-briza-20cm\/","title":{"rendered":"P\u0159ekli\u017eka ol\u0161e\/b\u0159\u00edza &#8211; tl. 9mm"},"content":{"rendered":"<p>P\u0159ekli\u017eka &#8211; tlou\u0161\u0165ka 9mm<\/p>\n<p>materi\u00e1l &#8211; b\u0159\u00edza\/ol\u0161e<\/p>\n","protected":false},"excerpt":{"rendered":"<p>P\u0159ekli\u017eka &#8211; tlou\u0161\u0165ka 9mm materi\u00e1l &#8211; b\u0159\u00edza\/ol\u0161e<\/p>\n","protected":false},"featured_media":1038,"template":"","meta":{"ngg_post_thumbnail":0},"product_cat":[39],"product_tag":[],"class_list":{"0":"post-1046","1":"product","2":"type-product","3":"status-publish","4":"has-post-thumbnail","6":"product_cat-polotovary-pro-tvorbu","8":"first","9":"instock","10":"shipping-taxable","11":"purchasable","12":"product-type-variable"},"_links":{"self":[{"href":"http:\/\/www.srdcemproradost.cz\/obchod\/wp-json\/wp\/v2\/product\/1046","targetHints":{"allow":["GET"]}}],"collection":[{"href":"http:\/\/www.srdcemproradost.cz\/obchod\/wp-json\/wp\/v2\/product"}],"about":[{"href":"http:\/\/www.srdcemproradost.cz\/obchod\/wp-json\/wp\/v2\/types\/product"}],"wp:featuredmedia":[{"embeddable":true,"href":"http:\/\/www.srdcemproradost.cz\/obchod\/wp-json\/wp\/v2\/media\/1038"}],"wp:attachment":[{"href":"http:\/\/www.srdcemproradost.cz\/obchod\/wp-json\/wp\/v2\/media?parent=1046"}],"wp:term":[{"taxonomy":"product_cat","embeddable":true,"href":"http:\/\/www.srdcemproradost.cz\/obchod\/wp-json\/wp\/v2\/product_cat?post=1046"},{"taxonomy":"product_tag","embeddable":true,"href":"http:\/\/www.srdcemproradost.cz\/obchod\/wp-json\/wp\/v2\/product_tag?post=1046"}],"curies":[{"name":"wp","href":"https:\/\/api.w.org\/{rel}","templated":true}]}}