{"id":665,"date":"2024-01-12T15:54:04","date_gmt":"2024-01-12T14:54:04","guid":{"rendered":"http:\/\/www.srdcemproradost.cz\/obchod\/?post_type=product&#038;p=665"},"modified":"2026-02-04T12:30:36","modified_gmt":"2026-02-04T11:30:36","slug":"workshop-teckovani","status":"publish","type":"product","link":"http:\/\/www.srdcemproradost.cz\/obchod\/produkt\/workshop-teckovani\/","title":{"rendered":"WORKSHOP te\u010dkov\u00e1n\u00ed"},"content":{"rendered":"<p>M\u00e1te pocit, \u017ee dny rychle plynou a Vy vlastn\u011b nic nest\u00edh\u00e1te? M\u00e1te jen sam\u00e9 povinnosti a mus\u00edte denn\u011b st\u00edhat tolik v\u011bc\u00ed, \u017ee nev\u00edte, kde V\u00e1m hlava stoj\u00ed? Pak je tento workshop ur\u010den pr\u00e1v\u011b V\u00e1m. Jak\u00e9koliv zklidn\u011bn\u00ed v dne\u0161n\u00ed usp\u011bchan\u00e9 dob\u011b se po\u010d\u00edt\u00e1. Bude V\u00e1m za to vd\u011b\u010dn\u00e9 nejen Va\u0161e t\u011blo, ale i Va\u0161e du\u0161i\u010dka, kter\u00e1 tvo\u0159en\u00edm jenom zaples\u00e1.<\/p>\n<p>Te\u010dkov\u00e1n\u00ed neboli dot painting je technika, kdy si malujete tak, \u017ee nam\u00e1\u010d\u00edte speci\u00e1ln\u00ed ty\u010dinky do barvy a p\u0159en\u00e1\u0161\u00edte te\u010dky na pl\u00e1tno, d\u0159evo nebo jak\u00fdkoliv materi\u00e1l a p\u0159edm\u011bt, kter\u00fd V\u00e1s napadne. Te\u010dkovat m\u016f\u017eete jak\u00fdkoliv obraz, ale j\u00e1 si zvolila konkr\u00e9tn\u011b mandaly. A to i proto, \u017ee mandala je svoj\u00ed pravidelnost\u00ed a uspo\u0159\u00e1d\u00e1n\u00edm velice zklid\u0148uj\u00edc\u00ed.<\/p>\n<p>Mandala nem\u00e1 \u017e\u00e1dn\u00e9 pravidlo, jen aby byla symetrick\u00e1. Jakou barvu, tvar, te\u010dku, prou\u017eek si zvol\u00edte je \u010dist\u011b jen na V\u00e1s. V\u017edy to bude tak, jak to zrovna Vy v dan\u00fd moment c\u00edt\u00edte. Proto se nikdo nemus\u00ed b\u00e1t, \u017ee by se mu d\u00edlo nepovedlo nebo \u017ee by se n\u011bkomu nel\u00edbilo. Je to \u010dist\u011b jen Va\u0161e tvorba a ka\u017ed\u00e9mu se v\u017edy povede n\u00e1dhern\u00e1 osobn\u00ed mandalka.<\/p>\n<p>V r\u00e1mci workshopu si namalujete svoji vlastn\u00ed mandalu na kulatou p\u0159ekli\u017eku o pr\u016fm\u011bru 20 cm nebo na \u010dtvercov\u00e9 pl\u00e1tno o velikosti 20&#215;20 cm. Ka\u017ed\u00fd si m\u016f\u017ee vybrat dle sv\u00e9ho vkusu a n\u00e1lady. Podle \u010dasov\u00fdch mo\u017enost\u00ed si obarv\u00edte a namalujete je\u0161t\u011b sv\u00edcen na \u010dajovou sv\u00ed\u010dku. Na workshopu bude k zap\u016fj\u010den\u00ed ve\u0161ker\u00e9 n\u00e1\u010din\u00ed, barvy a dal\u0161\u00ed pom\u016fcky k tvo\u0159en\u00ed. V\u00e1m sta\u010d\u00ed, kdy\u017e si vezmete s sebou dobrou n\u00e1ladu a chu\u0165 tvo\u0159it.<\/p>\n<p>Malovat budeme u m\u011b v ambulanci fyzioterapie, na Zdravotn\u00edm st\u0159edisku \u017d\u010fas, Stroj\u00edrensk\u00e1 6, \u017d\u010f\u00e1r nad S\u00e1zavou.<br \/>\nPotk\u00e1me se v 9 hodin a p\u0159edpokl\u00e1dan\u00fd konec je v 17 hodin.<\/p>\n<p>L\u00e9\u010dit jenom t\u011blo nikdy nesta\u010d\u00ed. Proto i j\u00e1 jsem si za\u010dala malovat, abych si odpo\u010dinula a zrelaxovala. Nav\u00edc ta radost z ru\u010dn\u011b te\u010dkovan\u00e9 mandaly, kterou si zvl\u00e1dne namalovat \u00fapln\u011b ka\u017ed\u00fd, je nepopsateln\u00e1.<\/p>\n<p>Moc se na V\u00e1s t\u011b\u0161\u00edm a v\u011b\u0159\u00edm, \u017ee to bude pro n\u00e1s v\u0161echny kr\u00e1sn\u011b str\u00e1ven\u00fd den \u2764.<\/p>\n<p>Marta \u0160ilerov\u00e1<\/p>\n","protected":false},"excerpt":{"rendered":"<p>M\u00e1te pocit, \u017ee dny rychle plynou a Vy vlastn\u011b nic nest\u00edh\u00e1te? M\u00e1te jen sam\u00e9 povinnosti a mus\u00edte denn\u011b st\u00edhat tolik v\u011bc\u00ed, \u017ee nev\u00edte, kde V\u00e1m hlava stoj\u00ed? Pak je tento workshop ur\u010den pr\u00e1v\u011b V\u00e1m. Jak\u00e9koliv zklidn\u011bn\u00ed v dne\u0161n\u00ed usp\u011bchan\u00e9 dob\u011b se po\u010d\u00edt\u00e1. Bude V\u00e1m za to vd\u011b\u010dn\u00e9 nejen Va\u0161e t\u011blo, ale i Va\u0161e du\u0161i\u010dka, kter\u00e1 [&hellip;]<\/p>\n","protected":false},"featured_media":1693,"template":"","meta":{"ngg_post_thumbnail":0},"product_cat":[37],"product_tag":[],"class_list":{"0":"post-665","1":"product","2":"type-product","3":"status-publish","4":"has-post-thumbnail","6":"product_cat-workshop","8":"first","9":"instock","10":"shipping-taxable","11":"purchasable","12":"product-type-variable"},"_links":{"self":[{"href":"http:\/\/www.srdcemproradost.cz\/obchod\/wp-json\/wp\/v2\/product\/665","targetHints":{"allow":["GET"]}}],"collection":[{"href":"http:\/\/www.srdcemproradost.cz\/obchod\/wp-json\/wp\/v2\/product"}],"about":[{"href":"http:\/\/www.srdcemproradost.cz\/obchod\/wp-json\/wp\/v2\/types\/product"}],"wp:featuredmedia":[{"embeddable":true,"href":"http:\/\/www.srdcemproradost.cz\/obchod\/wp-json\/wp\/v2\/media\/1693"}],"wp:attachment":[{"href":"http:\/\/www.srdcemproradost.cz\/obchod\/wp-json\/wp\/v2\/media?parent=665"}],"wp:term":[{"taxonomy":"product_cat","embeddable":true,"href":"http:\/\/www.srdcemproradost.cz\/obchod\/wp-json\/wp\/v2\/product_cat?post=665"},{"taxonomy":"product_tag","embeddable":true,"href":"http:\/\/www.srdcemproradost.cz\/obchod\/wp-json\/wp\/v2\/product_tag?post=665"}],"curies":[{"name":"wp","href":"https:\/\/api.w.org\/{rel}","templated":true}]}}